{"id":877,"date":"2024-05-20T22:30:25","date_gmt":"2024-05-21T02:30:25","guid":{"rendered":"https:\/\/placeetoilee.com\/a-propos-de\/"},"modified":"2024-08-29T12:29:07","modified_gmt":"2024-08-29T16:29:07","slug":"a-propos-de","status":"publish","type":"page","link":"https:\/\/placeetoilee.com\/fr\/a-propos-de\/","title":{"rendered":"A propos de"},"content":{"rendered":"\t\t<div data-elementor-type=\"wp-page\" data-elementor-id=\"877\" class=\"elementor elementor-877 elementor-247\">\n\t\t\t\t\t\t<section class=\"elementor-section elementor-top-section elementor-element elementor-element-2653c7f elementor-section-boxed elementor-section-height-default elementor-section-height-default\" data-id=\"2653c7f\" data-element_type=\"section\" data-e-type=\"section\" data-settings=\"{&quot;background_background&quot;:&quot;classic&quot;}\">\n\t\t\t\t\t\t<div class=\"elementor-container elementor-column-gap-extended\">\n\t\t\t\t\t<div class=\"elementor-column elementor-col-100 elementor-top-column elementor-element elementor-element-95a9ebd\" data-id=\"95a9ebd\" data-element_type=\"column\" data-e-type=\"column\">\n\t\t\t<div class=\"elementor-widget-wrap elementor-element-populated\">\n\t\t\t\t\t\t<div class=\"elementor-element elementor-element-e8e874b elementor-widget elementor-widget-heading\" data-id=\"e8e874b\" data-element_type=\"widget\" data-e-type=\"widget\" data-widget_type=\"heading.default\">\n\t\t\t\t<div class=\"elementor-widget-container\">\n\t\t\t\t\t<h1 class=\"elementor-heading-title elementor-size-default\">A propos de nous<\/h1>\t\t\t\t<\/div>\n\t\t\t\t<\/div>\n\t\t\t\t<div class=\"elementor-element elementor-element-846ca5f elementor-widget elementor-widget-text-editor\" data-id=\"846ca5f\" data-element_type=\"widget\" data-e-type=\"widget\" data-widget_type=\"text-editor.default\">\n\t\t\t\t<div class=\"elementor-widget-container\">\n\t\t\t\t\t\t\t\t\t<p>D\u00e9couvrez la vision et la mission de La Place Etoilee, notre histoire et ce qui fait de nous une destination incontournable \u00e0 Yaound\u00e9.<\/p>\n\t\t\t\t\t\t\t\t<\/div>\n\t\t\t\t<\/div>\n\t\t\t\t\t<\/div>\n\t\t<\/div>\n\t\t\t\t\t<\/div>\n\t\t<\/section>\n\t\t<div class=\"elementor-element elementor-element-f527228 e-flex e-con-boxed e-con e-parent\" data-id=\"f527228\" data-element_type=\"container\" data-e-type=\"container\">\n\t\t\t\t\t<div class=\"e-con-inner\">\n\t\t<div class=\"elementor-element elementor-element-5116d2f e-con-full e-flex e-con e-child\" data-id=\"5116d2f\" data-element_type=\"container\" data-e-type=\"container\">\n\t\t\t\t<div class=\"elementor-element elementor-element-39c00ac elementor-widget elementor-widget-text-editor\" data-id=\"39c00ac\" data-element_type=\"widget\" data-e-type=\"widget\" data-widget_type=\"text-editor.default\">\n\t\t\t\t<div class=\"elementor-widget-container\">\n\t\t\t\t\t\t\t\t\t<p><a href=\"http:\/\/placeetoilee.com\/fr\/\">La Place Etoilee<\/a> &#8211; Situ\u00e9e au c\u0153ur de Damas, \u00e0 Yaound\u00e9, notre galerie marchande est plus qu&rsquo;un simple lieu de shopping ; c&rsquo;est un centre communautaire dynamique. Con\u00e7ue pour enrichir la vie quotidienne, La Place Etoilee offre un acc\u00e8s pratique \u00e0 une gamme vari\u00e9e de magasins,<a href=\"https:\/\/placeetoilee.com\/fr\/commerces-et-services\/\"> de services,<\/a> de loisirs et de bien-\u00eatre dans un environnement s\u00e9curis\u00e9 et accessible 24 heures sur 24 et 7 jours sur 7.<\/p>\t\t\t\t\t\t\t\t<\/div>\n\t\t\t\t<\/div>\n\t\t\t\t<div class=\"elementor-element elementor-element-f2e276b elementor-widget elementor-widget-text-editor\" data-id=\"f2e276b\" data-element_type=\"widget\" data-e-type=\"widget\" data-widget_type=\"text-editor.default\">\n\t\t\t\t<div class=\"elementor-widget-container\">\n\t\t\t\t\t\t\t\t\t<p>\u00c0 La Place Etoilee, nous sommes fiers de cr\u00e9er un environnement o\u00f9 les entreprises peuvent prosp\u00e9rer et o\u00f9 les consommateurs peuvent profiter d&rsquo;une exp\u00e9rience d&rsquo;achat exceptionnelle. Nos locataires b\u00e9n\u00e9ficient d&rsquo;une visibilit\u00e9 exceptionnelle gr\u00e2ce \u00e0 un emplacement strat\u00e9gique le long d&rsquo;un grand boulevard, ce qui attire une client\u00e8le diversifi\u00e9e et dynamique. En outre, notre engagement en faveur de la s\u00e9curit\u00e9, de l&rsquo;innovation et de la durabilit\u00e9 fait de notre centre commercial une destination de choix pour les entreprises locales et internationales d\u00e9sireuses de se d\u00e9velopper.<\/p>\n\t\t\t\t\t\t\t\t<\/div>\n\t\t\t\t<\/div>\n\t\t\t\t<div class=\"elementor-element elementor-element-2d2de98 elementor-widget elementor-widget-text-editor\" data-id=\"2d2de98\" data-element_type=\"widget\" data-e-type=\"widget\" data-widget_type=\"text-editor.default\">\n\t\t\t\t<div class=\"elementor-widget-container\">\n\t\t\t\t\t\t\t\t\t<p><a href=\"https:\/\/placeetoilee.com\/fr\/evenements\/\">Nos installations<\/a> comprennent des espaces pour des \u00e9v\u00e9nements sp\u00e9ciaux, des services de bien-\u00eatre, des options de divertissement familial et des installations professionnelles, afin que chaque visiteur trouve ce dont il a besoin. Que vous soyez ici pour affaires, pour faire du shopping ou simplement pour passer du bon temps, La Place Etoilee est votre destination privil\u00e9gi\u00e9e \u00e0 Yaound\u00e9.<\/p>\t\t\t\t\t\t\t\t<\/div>\n\t\t\t\t<\/div>\n\t\t\t\t<\/div>\n\t\t<div class=\"elementor-element elementor-element-2c2abd1 e-con-full e-flex e-con e-child\" data-id=\"2c2abd1\" data-element_type=\"container\" data-e-type=\"container\">\n\t\t\t\t<div class=\"elementor-element elementor-element-e0fd6c3 elementor-widget elementor-widget-image\" data-id=\"e0fd6c3\" data-element_type=\"widget\" data-e-type=\"widget\" data-widget_type=\"image.default\">\n\t\t\t\t<div class=\"elementor-widget-container\">\n\t\t\t\t\t\t\t\t\t\t\t\t\t\t\t<img fetchpriority=\"high\" decoding=\"async\" data-attachment-id=\"804\" data-permalink=\"https:\/\/placeetoilee.com\/fr\/img-20240514-wa0023-2\/\" data-orig-file=\"https:\/\/i0.wp.com\/placeetoilee.com\/wp-content\/uploads\/2024\/05\/img-20240514-wa0023.jpg?fit=1200%2C800&amp;ssl=1\" data-orig-size=\"1200,800\" data-comments-opened=\"1\" data-image-meta=\"{&quot;aperture&quot;:&quot;0&quot;,&quot;credit&quot;:&quot;&quot;,&quot;camera&quot;:&quot;&quot;,&quot;caption&quot;:&quot;&quot;,&quot;created_timestamp&quot;:&quot;0&quot;,&quot;copyright&quot;:&quot;&quot;,&quot;focal_length&quot;:&quot;0&quot;,&quot;iso&quot;:&quot;0&quot;,&quot;shutter_speed&quot;:&quot;0&quot;,&quot;title&quot;:&quot;&quot;,&quot;orientation&quot;:&quot;0&quot;}\" data-image-title=\"IMG-20240514-WA0023\" data-image-description=\"\" data-image-caption=\"\" data-large-file=\"https:\/\/i0.wp.com\/placeetoilee.com\/wp-content\/uploads\/2024\/05\/img-20240514-wa0023.jpg?fit=1024%2C683&amp;ssl=1\" width=\"1024\" height=\"683\" src=\"https:\/\/i0.wp.com\/placeetoilee.com\/wp-content\/uploads\/2024\/05\/img-20240514-wa0023.jpg?fit=1024%2C683&amp;ssl=1\" class=\"attachment-large size-large wp-image-804\" alt=\"Place Etoile mall, shops services at Damas Yaounde\" data-attachment-id=\"804\" data-permalink=\"https:\/\/placeetoilee.com\/fr\/img-20240514-wa0023-2\/\" data-orig-file=\"https:\/\/i0.wp.com\/placeetoilee.com\/wp-content\/uploads\/2024\/05\/img-20240514-wa0023.jpg?fit=1200%2C800&amp;ssl=1\" data-orig-size=\"1200,800\" data-comments-opened=\"1\" data-image-meta=\"{&quot;aperture&quot;:&quot;0&quot;,&quot;credit&quot;:&quot;&quot;,&quot;camera&quot;:&quot;&quot;,&quot;caption&quot;:&quot;&quot;,&quot;created_timestamp&quot;:&quot;0&quot;,&quot;copyright&quot;:&quot;&quot;,&quot;focal_length&quot;:&quot;0&quot;,&quot;iso&quot;:&quot;0&quot;,&quot;shutter_speed&quot;:&quot;0&quot;,&quot;title&quot;:&quot;&quot;,&quot;orientation&quot;:&quot;0&quot;}\" data-image-title=\"IMG-20240514-WA0023\" data-image-description=\"\" data-image-caption=\"\" data-large-file=\"https:\/\/i0.wp.com\/placeetoilee.com\/wp-content\/uploads\/2024\/05\/img-20240514-wa0023.jpg?fit=1024%2C683&amp;ssl=1\" \/>\t\t\t\t\t\t\t\t\t\t\t\t\t\t\t<\/div>\n\t\t\t\t<\/div>\n\t\t\t\t<\/div>\n\t\t\t\t\t<\/div>\n\t\t\t\t<\/div>\n\t\t\t\t<\/div>\n\t\t","protected":false},"excerpt":{"rendered":"<p>A propos de nous D\u00e9couvrez la vision et la mission de La Place Etoilee, notre histoire et ce qui fait de nous une destination incontournable \u00e0 Yaound\u00e9. La Place Etoilee &#8211; Situ\u00e9e au c\u0153ur de Damas, \u00e0 Yaound\u00e9, notre galerie marchande est plus qu&rsquo;un simple lieu de shopping ; c&rsquo;est un centre communautaire dynamique. Con\u00e7ue&hellip;&nbsp;<a href=\"https:\/\/placeetoilee.com\/fr\/a-propos-de\/\" class=\"\" rel=\"bookmark\">Lire la suite &raquo;<span class=\"screen-reader-text\">A propos de<\/span><\/a><\/p>\n","protected":false},"author":248535071,"featured_media":0,"parent":0,"menu_order":0,"comment_status":"closed","ping_status":"closed","template":"page-templates\/template-pagebuilder-full-width.php","meta":{"neve_meta_sidebar":"","neve_meta_container":"","neve_meta_enable_content_width":"","neve_meta_content_width":0,"neve_meta_title_alignment":"","neve_meta_author_avatar":"","neve_post_elements_order":"","neve_meta_disable_header":"","neve_meta_disable_footer":"","neve_meta_disable_title":"","footnotes":""},"class_list":["post-877","page","type-page","status-publish","hentry"],"yoast_head":"<!-- This site is optimized with the Yoast SEO plugin v27.5 - https:\/\/yoast.com\/product\/yoast-seo-wordpress\/ -->\n<title>A propos de - Rent Banquet Halls &amp; Event Venues in Yaound\u00e9 | Place \u00c9toil\u00e9e<\/title>\n<meta name=\"robots\" content=\"index, follow, max-snippet:-1, max-image-preview:large, max-video-preview:-1\" \/>\n<link rel=\"canonical\" href=\"https:\/\/placeetoilee.com\/about\/\" \/>\n<meta property=\"og:locale\" content=\"fr_FR\" \/>\n<meta property=\"og:type\" content=\"article\" \/>\n<meta property=\"og:title\" content=\"A propos de - Rent Banquet Halls &amp; Event Venues in Yaound\u00e9 | Place \u00c9toil\u00e9e\" \/>\n<meta property=\"og:description\" content=\"A propos de nous D\u00e9couvrez la vision et la mission de La Place Etoilee, notre histoire et ce qui fait de nous une destination incontournable \u00e0 Yaound\u00e9. La Place Etoilee &#8211; Situ\u00e9e au c\u0153ur de Damas, \u00e0 Yaound\u00e9, notre galerie marchande est plus qu&rsquo;un simple lieu de shopping ; c&rsquo;est un centre communautaire dynamique. Con\u00e7ue&hellip;&nbsp;Lire la suite &raquo;A propos de\" \/>\n<meta property=\"og:url\" content=\"https:\/\/placeetoilee.com\/about\/\" \/>\n<meta property=\"og:site_name\" content=\"Rent Banquet Halls &amp; Event Venues in Yaound\u00e9 | Place \u00c9toil\u00e9e\" \/>\n<meta property=\"article:modified_time\" content=\"2024-08-29T16:29:07+00:00\" \/>\n<meta property=\"og:image\" content=\"https:\/\/placeetoilee.com\/wp-content\/uploads\/2024\/05\/img-20240514-wa0023.jpg\" \/>\n<meta name=\"twitter:card\" content=\"summary_large_image\" \/>\n<meta name=\"twitter:label1\" content=\"Dur\u00e9e de lecture estim\u00e9e\" \/>\n\t<meta name=\"twitter:data1\" content=\"2 minutes\" \/>\n<script type=\"application\/ld+json\" class=\"yoast-schema-graph\">{\"@context\":\"https:\\\/\\\/schema.org\",\"@graph\":[{\"@type\":\"WebPage\",\"@id\":\"https:\\\/\\\/placeetoilee.com\\\/about\\\/\",\"url\":\"https:\\\/\\\/placeetoilee.com\\\/about\\\/\",\"name\":\"A propos de - Rent Banquet Halls &amp; Event Venues in Yaound\u00e9 | Place \u00c9toil\u00e9e\",\"isPartOf\":{\"@id\":\"https:\\\/\\\/placeetoilee.com\\\/#website\"},\"primaryImageOfPage\":{\"@id\":\"https:\\\/\\\/placeetoilee.com\\\/about\\\/#primaryimage\"},\"image\":{\"@id\":\"https:\\\/\\\/placeetoilee.com\\\/about\\\/#primaryimage\"},\"thumbnailUrl\":\"https:\\\/\\\/placeetoilee.com\\\/wp-content\\\/uploads\\\/2024\\\/05\\\/img-20240514-wa0023.jpg\",\"datePublished\":\"2024-05-21T02:30:25+00:00\",\"dateModified\":\"2024-08-29T16:29:07+00:00\",\"breadcrumb\":{\"@id\":\"https:\\\/\\\/placeetoilee.com\\\/about\\\/#breadcrumb\"},\"inLanguage\":\"fr-FR\",\"potentialAction\":[{\"@type\":\"ReadAction\",\"target\":[\"https:\\\/\\\/placeetoilee.com\\\/about\\\/\"]}]},{\"@type\":\"ImageObject\",\"inLanguage\":\"fr-FR\",\"@id\":\"https:\\\/\\\/placeetoilee.com\\\/about\\\/#primaryimage\",\"url\":\"https:\\\/\\\/placeetoilee.com\\\/wp-content\\\/uploads\\\/2024\\\/05\\\/img-20240514-wa0023.jpg\",\"contentUrl\":\"https:\\\/\\\/placeetoilee.com\\\/wp-content\\\/uploads\\\/2024\\\/05\\\/img-20240514-wa0023.jpg\"},{\"@type\":\"BreadcrumbList\",\"@id\":\"https:\\\/\\\/placeetoilee.com\\\/about\\\/#breadcrumb\",\"itemListElement\":[{\"@type\":\"ListItem\",\"position\":1,\"name\":\"Home\",\"item\":\"https:\\\/\\\/placeetoilee.com\\\/\"},{\"@type\":\"ListItem\",\"position\":2,\"name\":\"A propos de\"}]},{\"@type\":\"WebSite\",\"@id\":\"https:\\\/\\\/placeetoilee.com\\\/#website\",\"url\":\"https:\\\/\\\/placeetoilee.com\\\/\",\"name\":\"Rent Banquet Halls &amp; Event Venues in Yaound\u00e9 | Place \u00c9toil\u00e9e\",\"description\":\"\",\"potentialAction\":[{\"@type\":\"SearchAction\",\"target\":{\"@type\":\"EntryPoint\",\"urlTemplate\":\"https:\\\/\\\/placeetoilee.com\\\/?s={search_term_string}\"},\"query-input\":{\"@type\":\"PropertyValueSpecification\",\"valueRequired\":true,\"valueName\":\"search_term_string\"}}],\"inLanguage\":\"fr-FR\"}]}<\/script>\n<!-- \/ Yoast SEO plugin. -->","yoast_head_json":{"title":"A propos de - Rent Banquet Halls &amp; Event Venues in Yaound\u00e9 | Place \u00c9toil\u00e9e","robots":{"index":"index","follow":"follow","max-snippet":"max-snippet:-1","max-image-preview":"max-image-preview:large","max-video-preview":"max-video-preview:-1"},"canonical":"https:\/\/placeetoilee.com\/about\/","og_locale":"fr_FR","og_type":"article","og_title":"A propos de - Rent Banquet Halls &amp; Event Venues in Yaound\u00e9 | Place \u00c9toil\u00e9e","og_description":"A propos de nous D\u00e9couvrez la vision et la mission de La Place Etoilee, notre histoire et ce qui fait de nous une destination incontournable \u00e0 Yaound\u00e9. La Place Etoilee &#8211; Situ\u00e9e au c\u0153ur de Damas, \u00e0 Yaound\u00e9, notre galerie marchande est plus qu&rsquo;un simple lieu de shopping ; c&rsquo;est un centre communautaire dynamique. Con\u00e7ue&hellip;&nbsp;Lire la suite &raquo;A propos de","og_url":"https:\/\/placeetoilee.com\/about\/","og_site_name":"Rent Banquet Halls &amp; Event Venues in Yaound\u00e9 | Place \u00c9toil\u00e9e","article_modified_time":"2024-08-29T16:29:07+00:00","og_image":[{"url":"https:\/\/placeetoilee.com\/wp-content\/uploads\/2024\/05\/img-20240514-wa0023.jpg","type":"","width":"","height":""}],"twitter_card":"summary_large_image","twitter_misc":{"Dur\u00e9e de lecture estim\u00e9e":"2 minutes"},"schema":{"@context":"https:\/\/schema.org","@graph":[{"@type":"WebPage","@id":"https:\/\/placeetoilee.com\/about\/","url":"https:\/\/placeetoilee.com\/about\/","name":"A propos de - Rent Banquet Halls &amp; Event Venues in Yaound\u00e9 | Place \u00c9toil\u00e9e","isPartOf":{"@id":"https:\/\/placeetoilee.com\/#website"},"primaryImageOfPage":{"@id":"https:\/\/placeetoilee.com\/about\/#primaryimage"},"image":{"@id":"https:\/\/placeetoilee.com\/about\/#primaryimage"},"thumbnailUrl":"https:\/\/placeetoilee.com\/wp-content\/uploads\/2024\/05\/img-20240514-wa0023.jpg","datePublished":"2024-05-21T02:30:25+00:00","dateModified":"2024-08-29T16:29:07+00:00","breadcrumb":{"@id":"https:\/\/placeetoilee.com\/about\/#breadcrumb"},"inLanguage":"fr-FR","potentialAction":[{"@type":"ReadAction","target":["https:\/\/placeetoilee.com\/about\/"]}]},{"@type":"ImageObject","inLanguage":"fr-FR","@id":"https:\/\/placeetoilee.com\/about\/#primaryimage","url":"https:\/\/placeetoilee.com\/wp-content\/uploads\/2024\/05\/img-20240514-wa0023.jpg","contentUrl":"https:\/\/placeetoilee.com\/wp-content\/uploads\/2024\/05\/img-20240514-wa0023.jpg"},{"@type":"BreadcrumbList","@id":"https:\/\/placeetoilee.com\/about\/#breadcrumb","itemListElement":[{"@type":"ListItem","position":1,"name":"Home","item":"https:\/\/placeetoilee.com\/"},{"@type":"ListItem","position":2,"name":"A propos de"}]},{"@type":"WebSite","@id":"https:\/\/placeetoilee.com\/#website","url":"https:\/\/placeetoilee.com\/","name":"Rent Banquet Halls &amp; Event Venues in Yaound\u00e9 | Place \u00c9toil\u00e9e","description":"","potentialAction":[{"@type":"SearchAction","target":{"@type":"EntryPoint","urlTemplate":"https:\/\/placeetoilee.com\/?s={search_term_string}"},"query-input":{"@type":"PropertyValueSpecification","valueRequired":true,"valueName":"search_term_string"}}],"inLanguage":"fr-FR"}]}},"jetpack_likes_enabled":true,"jetpack_sharing_enabled":true,"jetpack_shortlink":"https:\/\/wp.me\/PfLR8L-e9","jetpack-related-posts":[],"_links":{"self":[{"href":"https:\/\/placeetoilee.com\/fr\/wp-json\/wp\/v2\/pages\/877","targetHints":{"allow":["GET"]}}],"collection":[{"href":"https:\/\/placeetoilee.com\/fr\/wp-json\/wp\/v2\/pages"}],"about":[{"href":"https:\/\/placeetoilee.com\/fr\/wp-json\/wp\/v2\/types\/page"}],"author":[{"embeddable":true,"href":"https:\/\/placeetoilee.com\/fr\/wp-json\/wp\/v2\/users\/248535071"}],"replies":[{"embeddable":true,"href":"https:\/\/placeetoilee.com\/fr\/wp-json\/wp\/v2\/comments?post=877"}],"version-history":[{"count":6,"href":"https:\/\/placeetoilee.com\/fr\/wp-json\/wp\/v2\/pages\/877\/revisions"}],"predecessor-version":[{"id":1579,"href":"https:\/\/placeetoilee.com\/fr\/wp-json\/wp\/v2\/pages\/877\/revisions\/1579"}],"wp:attachment":[{"href":"https:\/\/placeetoilee.com\/fr\/wp-json\/wp\/v2\/media?parent=877"}],"curies":[{"name":"wp","href":"https:\/\/api.w.org\/{rel}","templated":true}]}}